{"id":6797,"date":"2022-01-04T06:40:13","date_gmt":"2022-01-04T04:40:13","guid":{"rendered":"https:\/\/staging.becker-triftern.de\/?page_id=6797"},"modified":"2022-11-07T10:07:24","modified_gmt":"2022-11-07T09:07:24","slug":"site-notice","status":"publish","type":"page","link":"https:\/\/www.becker-triftern.de\/en\/site-notice\/","title":{"rendered":"Site Notice"},"content":{"rendered":"<h2>Information pursuant to Sect. 5 German Telemedia Act (TMG)<\/h2>\n<p>Metallwarenfabrik Walter H. Becker GmbH<br \/>\nAnzenkirchener Stra\u00dfe 4<br \/>\n84371 Triftern<\/p>\n<p>Commercial Register: HRB 1194<br \/>\nRegistration court: Amtsgericht Landshut<\/p>\n<p><strong>Represented by:<\/strong><br \/>\nDipl.-Ing. Hans Werner Becker (Gesch\u00e4ftsf\u00fchrer)<br \/>\nDr. Helen Becker (Gesch\u00e4ftsf\u00fchrer)<\/p>\n<h2>Contact<\/h2>\n<p>Phone: +49(0)8562 9605-0<br \/>\nTelefax: +49(0)8562 9605-64<br \/>\nE-mail: info@becker-triftern.de<\/p>\n<h2>VAT ID<\/h2>\n<p>Sales tax identification number according to Sect. 27 a of the Sales Tax Law:<br \/>\nDE 129 258 109<\/p>\n<h2>Person responsible for editorial<\/h2>\n<p>Dipl.-Ing. Hans Werner Becker (Gesch\u00e4ftsf\u00fchrer)<br \/>\nDr. Helen Becker (Gesch\u00e4ftsf\u00fchrer)<\/p>\n<h2>EU dispute resolution<\/h2>\n<p>The European Commission provides a platform for online dispute resolution (ODR): <a href=\"https:\/\/ec.europa.eu\/consumers\/odr\/\" target=\"_blank\" rel=\"noopener noreferrer\">https:\/\/ec.europa.eu\/consumers\/odr\/<\/a>.<br \/>\nOur e-mail address can be found above in the site notice.<\/p>\n<h2>Dispute resolution proceedings in front of a consumer arbitration board<\/h2>\n<p>We are not willing or obliged to participate in dispute resolution proceedings in front of a consumer arbitration board.<\/p>\n","protected":false},"excerpt":{"rendered":"<p>Information pursuant to Sect. 5 German Telemedia Act (TMG) Metallwarenfabrik Walter H. Becker GmbH Anzenkirchener Stra\u00dfe 4 84371 Triftern Commercial Register: HRB 1194 Registration court: Amtsgericht Landshut Represented by: Dipl.-Ing. Hans Werner Becker (Gesch\u00e4ftsf\u00fchrer) Dr. Helen Becker (Gesch\u00e4ftsf\u00fchrer) Contact Phone: +49(0)8562 9605-0 Telefax: +49(0)8562 9605-64 E-mail: info@becker-triftern.de VAT ID Sales tax identification number according to&#8230;<\/p>\n","protected":false},"author":2,"featured_media":0,"parent":0,"menu_order":0,"comment_status":"closed","ping_status":"closed","template":"","meta":{"_acf_changed":false,"footnotes":""},"class_list":["post-6797","page","type-page","status-publish","hentry"],"acf":[],"_links":{"self":[{"href":"https:\/\/www.becker-triftern.de\/en\/wp-json\/wp\/v2\/pages\/6797","targetHints":{"allow":["GET"]}}],"collection":[{"href":"https:\/\/www.becker-triftern.de\/en\/wp-json\/wp\/v2\/pages"}],"about":[{"href":"https:\/\/www.becker-triftern.de\/en\/wp-json\/wp\/v2\/types\/page"}],"author":[{"embeddable":true,"href":"https:\/\/www.becker-triftern.de\/en\/wp-json\/wp\/v2\/users\/2"}],"replies":[{"embeddable":true,"href":"https:\/\/www.becker-triftern.de\/en\/wp-json\/wp\/v2\/comments?post=6797"}],"version-history":[{"count":1,"href":"https:\/\/www.becker-triftern.de\/en\/wp-json\/wp\/v2\/pages\/6797\/revisions"}],"predecessor-version":[{"id":6798,"href":"https:\/\/www.becker-triftern.de\/en\/wp-json\/wp\/v2\/pages\/6797\/revisions\/6798"}],"wp:attachment":[{"href":"https:\/\/www.becker-triftern.de\/en\/wp-json\/wp\/v2\/media?parent=6797"}],"curies":[{"name":"wp","href":"https:\/\/api.w.org\/{rel}","templated":true}]}}